{"id":3629,"date":"2026-05-11T09:18:44","date_gmt":"2026-05-11T09:18:44","guid":{"rendered":"https:\/\/saltdesign.se\/?post_type=product&#038;p=3629"},"modified":"2026-05-11T09:22:45","modified_gmt":"2026-05-11T09:22:45","slug":"orhange-rund-gul-och-orange","status":"publish","type":"product","link":"https:\/\/saltdesign.se\/index.php\/product\/orhange-rund-gul-och-orange\/","title":{"rendered":"\u00d6rh\u00e4nge rund gul och orange"},"content":{"rendered":"<p>Handgjorda med unik design. V\u00e4ger n\u00e4stan ingenting s\u00e5 l\u00e4tta att b\u00e4ra. Material: Polymerlera och rostfritt st\u00e5l i bakstycket. Diameter 15 mm.<\/p>\n","protected":false},"excerpt":{"rendered":"<p>Handgjorda med unik design. V\u00e4ger n\u00e4stan ingenting s\u00e5 l\u00e4tta att b\u00e4ra. Material: Polymerlera och rostfritt st\u00e5l i bakstycket. Diameter 15 mm.<\/p>\n","protected":false},"featured_media":3630,"comment_status":"closed","ping_status":"closed","template":"","meta":[],"product_brand":[],"product_cat":[99],"product_tag":[],"class_list":{"0":"post-3629","1":"product","2":"type-product","3":"status-publish","4":"has-post-thumbnail","6":"product_cat-orhangen","7":"product_shipping_class-poster-a5","9":"first","10":"instock","11":"taxable","12":"shipping-taxable","13":"purchasable","14":"product-type-simple"},"jetpack_sharing_enabled":true,"_links":{"self":[{"href":"https:\/\/saltdesign.se\/index.php\/wp-json\/wp\/v2\/product\/3629","targetHints":{"allow":["GET"]}}],"collection":[{"href":"https:\/\/saltdesign.se\/index.php\/wp-json\/wp\/v2\/product"}],"about":[{"href":"https:\/\/saltdesign.se\/index.php\/wp-json\/wp\/v2\/types\/product"}],"replies":[{"embeddable":true,"href":"https:\/\/saltdesign.se\/index.php\/wp-json\/wp\/v2\/comments?post=3629"}],"wp:featuredmedia":[{"embeddable":true,"href":"https:\/\/saltdesign.se\/index.php\/wp-json\/wp\/v2\/media\/3630"}],"wp:attachment":[{"href":"https:\/\/saltdesign.se\/index.php\/wp-json\/wp\/v2\/media?parent=3629"}],"wp:term":[{"taxonomy":"product_brand","embeddable":true,"href":"https:\/\/saltdesign.se\/index.php\/wp-json\/wp\/v2\/product_brand?post=3629"},{"taxonomy":"product_cat","embeddable":true,"href":"https:\/\/saltdesign.se\/index.php\/wp-json\/wp\/v2\/product_cat?post=3629"},{"taxonomy":"product_tag","embeddable":true,"href":"https:\/\/saltdesign.se\/index.php\/wp-json\/wp\/v2\/product_tag?post=3629"}],"curies":[{"name":"wp","href":"https:\/\/api.w.org\/{rel}","templated":true}]}}