{"id":3621,"date":"2026-04-27T07:40:39","date_gmt":"2026-04-27T07:40:39","guid":{"rendered":"https:\/\/saltdesign.se\/?post_type=product&#038;p=3621"},"modified":"2026-04-27T07:40:39","modified_gmt":"2026-04-27T07:40:39","slug":"nattfjaril-spetsvinge","status":"publish","type":"product","link":"https:\/\/saltdesign.se\/index.php\/product\/nattfjaril-spetsvinge\/","title":{"rendered":"Nattfj\u00e4ril spetsvinge"},"content":{"rendered":"<p>Kylsk\u00e5psmagnet &#8221;Spetsvinge&#8221; i tyg, kork och filt. M\u00e5tt 90 x 60 mm<\/p>\n","protected":false},"excerpt":{"rendered":"<p>Kylsk\u00e5psmagnet &#8221;Spetsvinge&#8221; i tyg, kork och filt. M\u00e5tt 90 x 60 mm<\/p>\n","protected":false},"featured_media":3622,"comment_status":"closed","ping_status":"closed","template":"","meta":[],"product_brand":[],"product_cat":[92],"product_tag":[],"class_list":{"0":"post-3621","1":"product","2":"type-product","3":"status-publish","4":"has-post-thumbnail","6":"product_cat-kylskapsmagnet","7":"product_shipping_class-poster-a4","9":"first","10":"instock","11":"taxable","12":"shipping-taxable","13":"purchasable","14":"product-type-simple"},"jetpack_sharing_enabled":true,"_links":{"self":[{"href":"https:\/\/saltdesign.se\/index.php\/wp-json\/wp\/v2\/product\/3621","targetHints":{"allow":["GET"]}}],"collection":[{"href":"https:\/\/saltdesign.se\/index.php\/wp-json\/wp\/v2\/product"}],"about":[{"href":"https:\/\/saltdesign.se\/index.php\/wp-json\/wp\/v2\/types\/product"}],"replies":[{"embeddable":true,"href":"https:\/\/saltdesign.se\/index.php\/wp-json\/wp\/v2\/comments?post=3621"}],"wp:featuredmedia":[{"embeddable":true,"href":"https:\/\/saltdesign.se\/index.php\/wp-json\/wp\/v2\/media\/3622"}],"wp:attachment":[{"href":"https:\/\/saltdesign.se\/index.php\/wp-json\/wp\/v2\/media?parent=3621"}],"wp:term":[{"taxonomy":"product_brand","embeddable":true,"href":"https:\/\/saltdesign.se\/index.php\/wp-json\/wp\/v2\/product_brand?post=3621"},{"taxonomy":"product_cat","embeddable":true,"href":"https:\/\/saltdesign.se\/index.php\/wp-json\/wp\/v2\/product_cat?post=3621"},{"taxonomy":"product_tag","embeddable":true,"href":"https:\/\/saltdesign.se\/index.php\/wp-json\/wp\/v2\/product_tag?post=3621"}],"curies":[{"name":"wp","href":"https:\/\/api.w.org\/{rel}","templated":true}]}}