{"id":3601,"date":"2026-03-18T11:38:50","date_gmt":"2026-03-18T11:38:50","guid":{"rendered":"https:\/\/saltdesign.se\/?post_type=product&#038;p=3601"},"modified":"2026-03-18T11:44:06","modified_gmt":"2026-03-18T11:44:06","slug":"aterbrukad-t-shirt-kantarell","status":"publish","type":"product","link":"https:\/\/saltdesign.se\/index.php\/product\/aterbrukad-t-shirt-kantarell\/","title":{"rendered":"\u00c5terbrukad t-shirt kantarell"},"content":{"rendered":"<p>Vi trycker v\u00e5r design p\u00e5 second-hand plagg, ett fint s\u00e4tt att \u00e5terbruka tycker vi.<\/p>\n<p>T-shirt i gr\u00e5gr\u00f6n f\u00e4rg med trycket Kantarell i orange. Stl L<\/p>\n","protected":false},"excerpt":{"rendered":"<p>Vi trycker v\u00e5r design p\u00e5 second-hand plagg, ett fint s\u00e4tt att \u00e5terbruka tycker vi.<\/p>\n<p>T-shirt i gr\u00e5gr\u00f6n f\u00e4rg med trycket Kantarell i orange. Stl L<\/p>\n","protected":false},"featured_media":3602,"comment_status":"closed","ping_status":"closed","template":"","meta":[],"product_brand":[],"product_cat":[98,97],"product_tag":[],"class_list":{"0":"post-3601","1":"product","2":"type-product","3":"status-publish","4":"has-post-thumbnail","6":"product_cat-aterbrukade-plagg","7":"product_cat-t-shirts","8":"product_shipping_class-tygkasse","10":"first","11":"instock","12":"taxable","13":"shipping-taxable","14":"purchasable","15":"product-type-simple"},"jetpack_sharing_enabled":true,"_links":{"self":[{"href":"https:\/\/saltdesign.se\/index.php\/wp-json\/wp\/v2\/product\/3601","targetHints":{"allow":["GET"]}}],"collection":[{"href":"https:\/\/saltdesign.se\/index.php\/wp-json\/wp\/v2\/product"}],"about":[{"href":"https:\/\/saltdesign.se\/index.php\/wp-json\/wp\/v2\/types\/product"}],"replies":[{"embeddable":true,"href":"https:\/\/saltdesign.se\/index.php\/wp-json\/wp\/v2\/comments?post=3601"}],"wp:featuredmedia":[{"embeddable":true,"href":"https:\/\/saltdesign.se\/index.php\/wp-json\/wp\/v2\/media\/3602"}],"wp:attachment":[{"href":"https:\/\/saltdesign.se\/index.php\/wp-json\/wp\/v2\/media?parent=3601"}],"wp:term":[{"taxonomy":"product_brand","embeddable":true,"href":"https:\/\/saltdesign.se\/index.php\/wp-json\/wp\/v2\/product_brand?post=3601"},{"taxonomy":"product_cat","embeddable":true,"href":"https:\/\/saltdesign.se\/index.php\/wp-json\/wp\/v2\/product_cat?post=3601"},{"taxonomy":"product_tag","embeddable":true,"href":"https:\/\/saltdesign.se\/index.php\/wp-json\/wp\/v2\/product_tag?post=3601"}],"curies":[{"name":"wp","href":"https:\/\/api.w.org\/{rel}","templated":true}]}}