{"id":3583,"date":"2026-03-17T15:00:08","date_gmt":"2026-03-17T15:00:08","guid":{"rendered":"https:\/\/saltdesign.se\/?post_type=product&#038;p=3583"},"modified":"2026-03-17T15:10:40","modified_gmt":"2026-03-17T15:10:40","slug":"tandsticksask-abstrakt-rosa-och-svart","status":"publish","type":"product","link":"https:\/\/saltdesign.se\/index.php\/product\/tandsticksask-abstrakt-rosa-och-svart\/","title":{"rendered":"T\u00e4ndsticksask abstrakt rosa och svart"},"content":{"rendered":"<p>Originalm\u00e5lning p\u00e5 b\u00e5da sidor. Ask 6,5 x 11 cm med brast\u00e4ndstickor i h\u00e4ftiga f\u00e4rger.<\/p>\n","protected":false},"excerpt":{"rendered":"<p>Originalm\u00e5lning p\u00e5 b\u00e5da sidor. Ask 6,5 x 11 cm med brast\u00e4ndstickor i h\u00e4ftiga f\u00e4rger.<\/p>\n","protected":false},"featured_media":3584,"comment_status":"closed","ping_status":"closed","template":"","meta":[],"product_brand":[],"product_cat":[93],"product_tag":[],"class_list":{"0":"post-3583","1":"product","2":"type-product","3":"status-publish","4":"has-post-thumbnail","6":"product_cat-tandsticksask","7":"product_shipping_class-poster-a4","9":"first","10":"instock","11":"taxable","12":"shipping-taxable","13":"purchasable","14":"product-type-simple"},"jetpack_sharing_enabled":true,"_links":{"self":[{"href":"https:\/\/saltdesign.se\/index.php\/wp-json\/wp\/v2\/product\/3583","targetHints":{"allow":["GET"]}}],"collection":[{"href":"https:\/\/saltdesign.se\/index.php\/wp-json\/wp\/v2\/product"}],"about":[{"href":"https:\/\/saltdesign.se\/index.php\/wp-json\/wp\/v2\/types\/product"}],"replies":[{"embeddable":true,"href":"https:\/\/saltdesign.se\/index.php\/wp-json\/wp\/v2\/comments?post=3583"}],"wp:featuredmedia":[{"embeddable":true,"href":"https:\/\/saltdesign.se\/index.php\/wp-json\/wp\/v2\/media\/3584"}],"wp:attachment":[{"href":"https:\/\/saltdesign.se\/index.php\/wp-json\/wp\/v2\/media?parent=3583"}],"wp:term":[{"taxonomy":"product_brand","embeddable":true,"href":"https:\/\/saltdesign.se\/index.php\/wp-json\/wp\/v2\/product_brand?post=3583"},{"taxonomy":"product_cat","embeddable":true,"href":"https:\/\/saltdesign.se\/index.php\/wp-json\/wp\/v2\/product_cat?post=3583"},{"taxonomy":"product_tag","embeddable":true,"href":"https:\/\/saltdesign.se\/index.php\/wp-json\/wp\/v2\/product_tag?post=3583"}],"curies":[{"name":"wp","href":"https:\/\/api.w.org\/{rel}","templated":true}]}}