{"id":3537,"date":"2026-01-15T09:52:20","date_gmt":"2026-01-15T09:52:20","guid":{"rendered":"https:\/\/saltdesign.se\/?post_type=product&#038;p=3537"},"modified":"2026-03-17T13:15:37","modified_gmt":"2026-03-17T13:15:37","slug":"aterbrukad-t-shirt-brun","status":"publish","type":"product","link":"https:\/\/saltdesign.se\/index.php\/product\/aterbrukad-t-shirt-brun\/","title":{"rendered":"\u00c5terbrukad t-shirt brun"},"content":{"rendered":"<p>Vi trycker v\u00e5r design p\u00e5 second-hand plagg, ett fint s\u00e4tt att \u00e5terbruka tycker vi.<\/p>\n<p>T-shirt i nougatbrun f\u00e4rg med trycket tr\u00e4d i gr\u00e5 och vitt. Tryck p\u00e5 b\u00e5da sidor. Stl M<\/p>\n","protected":false},"excerpt":{"rendered":"<p>Vi trycker v\u00e5r design p\u00e5 second hand plagg, ett fint s\u00e4tt att \u00e5terbruka tycker vi.<\/p>\n<p>T-shirt i nougatbrun f\u00e4rg med trycket tr\u00e4d i gr\u00e5 och vitt. Tryck p\u00e5 b\u00e5da sidor. Stl M<\/p>\n","protected":false},"featured_media":3567,"comment_status":"closed","ping_status":"closed","template":"","meta":[],"product_brand":[],"product_cat":[98,97],"product_tag":[],"class_list":{"0":"post-3537","1":"product","2":"type-product","3":"status-publish","4":"has-post-thumbnail","6":"product_cat-aterbrukade-plagg","7":"product_cat-t-shirts","8":"product_shipping_class-tygkasse","10":"first","11":"instock","12":"taxable","13":"shipping-taxable","14":"purchasable","15":"product-type-simple"},"jetpack_sharing_enabled":true,"_links":{"self":[{"href":"https:\/\/saltdesign.se\/index.php\/wp-json\/wp\/v2\/product\/3537","targetHints":{"allow":["GET"]}}],"collection":[{"href":"https:\/\/saltdesign.se\/index.php\/wp-json\/wp\/v2\/product"}],"about":[{"href":"https:\/\/saltdesign.se\/index.php\/wp-json\/wp\/v2\/types\/product"}],"replies":[{"embeddable":true,"href":"https:\/\/saltdesign.se\/index.php\/wp-json\/wp\/v2\/comments?post=3537"}],"wp:featuredmedia":[{"embeddable":true,"href":"https:\/\/saltdesign.se\/index.php\/wp-json\/wp\/v2\/media\/3567"}],"wp:attachment":[{"href":"https:\/\/saltdesign.se\/index.php\/wp-json\/wp\/v2\/media?parent=3537"}],"wp:term":[{"taxonomy":"product_brand","embeddable":true,"href":"https:\/\/saltdesign.se\/index.php\/wp-json\/wp\/v2\/product_brand?post=3537"},{"taxonomy":"product_cat","embeddable":true,"href":"https:\/\/saltdesign.se\/index.php\/wp-json\/wp\/v2\/product_cat?post=3537"},{"taxonomy":"product_tag","embeddable":true,"href":"https:\/\/saltdesign.se\/index.php\/wp-json\/wp\/v2\/product_tag?post=3537"}],"curies":[{"name":"wp","href":"https:\/\/api.w.org\/{rel}","templated":true}]}}