{"id":3514,"date":"2025-12-02T14:45:28","date_gmt":"2025-12-02T14:45:28","guid":{"rendered":"https:\/\/saltdesign.se\/?post_type=product&#038;p=3514"},"modified":"2026-01-14T07:56:09","modified_gmt":"2026-01-14T07:56:09","slug":"kylskapssaga","status":"publish","type":"product","link":"https:\/\/saltdesign.se\/index.php\/product\/kylskapssaga\/","title":{"rendered":"Kylsk\u00e5pssaga"},"content":{"rendered":"<p>Sl\u00e4pp loss fantasin och ber\u00e4tta en saga om filurerna. Ett kitt med fyra olika kylsk\u00e5psmagneter och ett block. I blocket beskriver du f\u00f6rst de olika karakt\u00e4rerna. Skriv sedan ner din saga i blocket eller be en vuxen hj\u00e4lpa dig. S\u00e4tt upp sagan p\u00e5 kylsk\u00e5pet s\u00e5 familjen och alla v\u00e4nner kan l\u00e4sa. M\u00e5tt 135 x 180 mm. Obs inneh\u00e5ller sm\u00e5delar.<\/p>\n","protected":false},"excerpt":{"rendered":"<p>Sl\u00e4pp loss fantasin och ber\u00e4tta en saga om filurerna. Ett kitt med fyra olika kylsk\u00e5psmagneter och ett block. I blocket beskriver du f\u00f6rst de olika karakt\u00e4rerna. Skriv sedan ner din saga i blocket eller be en vuxen hj\u00e4lpa dig. S\u00e4tt upp sagan p\u00e5 kylsk\u00e5pet s\u00e5 familjen och alla v\u00e4nner kan l\u00e4sa. M\u00e5tt 135 x 180 mm. Obs inneh\u00e5ller sm\u00e5delar.<\/p>\n","protected":false},"featured_media":3516,"comment_status":"closed","ping_status":"closed","template":"","meta":[],"product_brand":[],"product_cat":[92],"product_tag":[],"class_list":{"0":"post-3514","1":"product","2":"type-product","3":"status-publish","4":"has-post-thumbnail","6":"product_cat-kylskapsmagnet","7":"product_shipping_class-skissblock","9":"first","10":"instock","11":"taxable","12":"shipping-taxable","13":"purchasable","14":"product-type-simple"},"jetpack_sharing_enabled":true,"_links":{"self":[{"href":"https:\/\/saltdesign.se\/index.php\/wp-json\/wp\/v2\/product\/3514","targetHints":{"allow":["GET"]}}],"collection":[{"href":"https:\/\/saltdesign.se\/index.php\/wp-json\/wp\/v2\/product"}],"about":[{"href":"https:\/\/saltdesign.se\/index.php\/wp-json\/wp\/v2\/types\/product"}],"replies":[{"embeddable":true,"href":"https:\/\/saltdesign.se\/index.php\/wp-json\/wp\/v2\/comments?post=3514"}],"wp:featuredmedia":[{"embeddable":true,"href":"https:\/\/saltdesign.se\/index.php\/wp-json\/wp\/v2\/media\/3516"}],"wp:attachment":[{"href":"https:\/\/saltdesign.se\/index.php\/wp-json\/wp\/v2\/media?parent=3514"}],"wp:term":[{"taxonomy":"product_brand","embeddable":true,"href":"https:\/\/saltdesign.se\/index.php\/wp-json\/wp\/v2\/product_brand?post=3514"},{"taxonomy":"product_cat","embeddable":true,"href":"https:\/\/saltdesign.se\/index.php\/wp-json\/wp\/v2\/product_cat?post=3514"},{"taxonomy":"product_tag","embeddable":true,"href":"https:\/\/saltdesign.se\/index.php\/wp-json\/wp\/v2\/product_tag?post=3514"}],"curies":[{"name":"wp","href":"https:\/\/api.w.org\/{rel}","templated":true}]}}