{"id":3441,"date":"2025-10-21T07:15:18","date_gmt":"2025-10-21T07:15:18","guid":{"rendered":"https:\/\/saltdesign.se\/?post_type=product&#038;p=3441"},"modified":"2025-10-21T07:15:18","modified_gmt":"2025-10-21T07:15:18","slug":"sminkvaska-beige","status":"publish","type":"product","link":"https:\/\/saltdesign.se\/index.php\/product\/sminkvaska-beige\/","title":{"rendered":"Sminkv\u00e4ska beige"},"content":{"rendered":"<p>Liten &#8221;ha med i v\u00e4skan&#8221; sminkv\u00e4ska 11 x 20 cm. Med texten &#8221;Kaffe &amp; smink r\u00e4ddar \u00e4ven denna dag&#8221;<\/p>\n","protected":false},"excerpt":{"rendered":"<p>Liten &#8221;ha med i v\u00e4skan&#8221; sminkv\u00e4ska 11 x 20 cm. Med texten &#8221;Kaffe &amp; smink r\u00e4ddar \u00e4ven denna dag&#8221;<\/p>\n","protected":false},"featured_media":3442,"comment_status":"closed","ping_status":"closed","template":"","meta":[],"product_brand":[],"product_cat":[96],"product_tag":[],"class_list":{"0":"post-3441","1":"product","2":"type-product","3":"status-publish","4":"has-post-thumbnail","6":"product_cat-sminkvaska-pennfodral","7":"product_shipping_class-poster-a3","9":"first","10":"instock","11":"taxable","12":"shipping-taxable","13":"purchasable","14":"product-type-simple"},"jetpack_sharing_enabled":true,"_links":{"self":[{"href":"https:\/\/saltdesign.se\/index.php\/wp-json\/wp\/v2\/product\/3441","targetHints":{"allow":["GET"]}}],"collection":[{"href":"https:\/\/saltdesign.se\/index.php\/wp-json\/wp\/v2\/product"}],"about":[{"href":"https:\/\/saltdesign.se\/index.php\/wp-json\/wp\/v2\/types\/product"}],"replies":[{"embeddable":true,"href":"https:\/\/saltdesign.se\/index.php\/wp-json\/wp\/v2\/comments?post=3441"}],"wp:featuredmedia":[{"embeddable":true,"href":"https:\/\/saltdesign.se\/index.php\/wp-json\/wp\/v2\/media\/3442"}],"wp:attachment":[{"href":"https:\/\/saltdesign.se\/index.php\/wp-json\/wp\/v2\/media?parent=3441"}],"wp:term":[{"taxonomy":"product_brand","embeddable":true,"href":"https:\/\/saltdesign.se\/index.php\/wp-json\/wp\/v2\/product_brand?post=3441"},{"taxonomy":"product_cat","embeddable":true,"href":"https:\/\/saltdesign.se\/index.php\/wp-json\/wp\/v2\/product_cat?post=3441"},{"taxonomy":"product_tag","embeddable":true,"href":"https:\/\/saltdesign.se\/index.php\/wp-json\/wp\/v2\/product_tag?post=3441"}],"curies":[{"name":"wp","href":"https:\/\/api.w.org\/{rel}","templated":true}]}}