{"id":3426,"date":"2025-10-18T12:03:11","date_gmt":"2025-10-18T12:03:11","guid":{"rendered":"https:\/\/saltdesign.se\/?post_type=product&#038;p=3426"},"modified":"2026-01-17T10:17:01","modified_gmt":"2026-01-17T10:17:01","slug":"vaggalmanacka-2026","status":"publish","type":"product","link":"https:\/\/saltdesign.se\/index.php\/product\/vaggalmanacka-2026\/","title":{"rendered":"V\u00e4ggalmanacka 2026"},"content":{"rendered":"<p>En illustrerad v\u00e4ggalmanacka f\u00f6r 2026. A4 format med spiralbindning och \u00f6gla f\u00f6r upph\u00e4ngning.<\/p>\n","protected":false},"excerpt":{"rendered":"<p>En illustrerad v\u00e4ggalmanacka f\u00f6r 2026. A4 format med spiralbindning och \u00f6gla f\u00f6r upph\u00e4ngning.<\/p>\n<p>&nbsp;<\/p>\n<p>&nbsp;<\/p>\n","protected":false},"featured_media":3427,"comment_status":"open","ping_status":"closed","template":"","meta":[],"product_brand":[],"product_cat":[89],"product_tag":[90],"class_list":{"0":"post-3426","1":"product","2":"type-product","3":"status-publish","4":"has-post-thumbnail","6":"product_cat-vaggalmanacka","7":"product_tag-vaggalmanacka","8":"product_shipping_class-poster-a3","10":"first","11":"instock","12":"taxable","13":"shipping-taxable","14":"purchasable","15":"product-type-simple"},"jetpack_sharing_enabled":true,"_links":{"self":[{"href":"https:\/\/saltdesign.se\/index.php\/wp-json\/wp\/v2\/product\/3426","targetHints":{"allow":["GET"]}}],"collection":[{"href":"https:\/\/saltdesign.se\/index.php\/wp-json\/wp\/v2\/product"}],"about":[{"href":"https:\/\/saltdesign.se\/index.php\/wp-json\/wp\/v2\/types\/product"}],"replies":[{"embeddable":true,"href":"https:\/\/saltdesign.se\/index.php\/wp-json\/wp\/v2\/comments?post=3426"}],"wp:featuredmedia":[{"embeddable":true,"href":"https:\/\/saltdesign.se\/index.php\/wp-json\/wp\/v2\/media\/3427"}],"wp:attachment":[{"href":"https:\/\/saltdesign.se\/index.php\/wp-json\/wp\/v2\/media?parent=3426"}],"wp:term":[{"taxonomy":"product_brand","embeddable":true,"href":"https:\/\/saltdesign.se\/index.php\/wp-json\/wp\/v2\/product_brand?post=3426"},{"taxonomy":"product_cat","embeddable":true,"href":"https:\/\/saltdesign.se\/index.php\/wp-json\/wp\/v2\/product_cat?post=3426"},{"taxonomy":"product_tag","embeddable":true,"href":"https:\/\/saltdesign.se\/index.php\/wp-json\/wp\/v2\/product_tag?post=3426"}],"curies":[{"name":"wp","href":"https:\/\/api.w.org\/{rel}","templated":true}]}}