{"id":3382,"date":"2025-10-18T10:14:27","date_gmt":"2025-10-18T10:14:27","guid":{"rendered":"https:\/\/saltdesign.se\/?post_type=product&#038;p=3382"},"modified":"2025-10-18T10:27:34","modified_gmt":"2025-10-18T10:27:34","slug":"kylskapsmagnet-loken","status":"publish","type":"product","link":"https:\/\/saltdesign.se\/index.php\/product\/kylskapsmagnet-loken\/","title":{"rendered":"Kylsk\u00e5psmagnet &#8221;L\u00f6ken&#8221;"},"content":{"rendered":"<p>Kylsk\u00e5psmagnet i tunn magnetfolie som f\u00e4ster l\u00e4tt p\u00e5 kylsk\u00e5pet. 47 x 30 mm.<\/p>\n","protected":false},"excerpt":{"rendered":"<p>Kylsk\u00e5psmagnet i tunn magnetfolie som f\u00e4ster l\u00e4tt p\u00e5 kylsk\u00e5pet. 47 x 30 mm.<\/p>\n","protected":false},"featured_media":3383,"comment_status":"closed","ping_status":"closed","template":"","meta":[],"product_brand":[],"product_cat":[92,15],"product_tag":[],"class_list":{"0":"post-3382","1":"product","2":"type-product","3":"status-publish","4":"has-post-thumbnail","6":"product_cat-kylskapsmagnet","7":"product_cat-uncategorized","8":"product_shipping_class-poster-a5","10":"first","11":"instock","12":"taxable","13":"shipping-taxable","14":"purchasable","15":"product-type-simple"},"jetpack_sharing_enabled":true,"_links":{"self":[{"href":"https:\/\/saltdesign.se\/index.php\/wp-json\/wp\/v2\/product\/3382","targetHints":{"allow":["GET"]}}],"collection":[{"href":"https:\/\/saltdesign.se\/index.php\/wp-json\/wp\/v2\/product"}],"about":[{"href":"https:\/\/saltdesign.se\/index.php\/wp-json\/wp\/v2\/types\/product"}],"replies":[{"embeddable":true,"href":"https:\/\/saltdesign.se\/index.php\/wp-json\/wp\/v2\/comments?post=3382"}],"wp:featuredmedia":[{"embeddable":true,"href":"https:\/\/saltdesign.se\/index.php\/wp-json\/wp\/v2\/media\/3383"}],"wp:attachment":[{"href":"https:\/\/saltdesign.se\/index.php\/wp-json\/wp\/v2\/media?parent=3382"}],"wp:term":[{"taxonomy":"product_brand","embeddable":true,"href":"https:\/\/saltdesign.se\/index.php\/wp-json\/wp\/v2\/product_brand?post=3382"},{"taxonomy":"product_cat","embeddable":true,"href":"https:\/\/saltdesign.se\/index.php\/wp-json\/wp\/v2\/product_cat?post=3382"},{"taxonomy":"product_tag","embeddable":true,"href":"https:\/\/saltdesign.se\/index.php\/wp-json\/wp\/v2\/product_tag?post=3382"}],"curies":[{"name":"wp","href":"https:\/\/api.w.org\/{rel}","templated":true}]}}