{"id":3374,"date":"2025-09-08T13:46:30","date_gmt":"2025-09-08T13:46:30","guid":{"rendered":"https:\/\/saltdesign.se\/?post_type=product&#038;p=3374"},"modified":"2025-10-18T11:30:06","modified_gmt":"2025-10-18T11:30:06","slug":"stickers-filurer","status":"publish","type":"product","link":"https:\/\/saltdesign.se\/index.php\/product\/stickers-filurer\/","title":{"rendered":"Stickers Filurer"},"content":{"rendered":"<p>S\u00f6ta stickers p\u00e5 ark. Stansade p\u00e5 matt papper. 12,5 x 16 cm<\/p>\n","protected":false},"excerpt":{"rendered":"<p>S\u00f6ta stickers p\u00e5 ark. Stansade p\u00e5 matt papper. 12,5 x 16 cm<\/p>\n","protected":false},"featured_media":3376,"comment_status":"closed","ping_status":"closed","template":"","meta":[],"product_brand":[],"product_cat":[94],"product_tag":[],"class_list":{"0":"post-3374","1":"product","2":"type-product","3":"status-publish","4":"has-post-thumbnail","6":"product_cat-stickers","7":"product_shipping_class-poster-a5","9":"first","10":"instock","11":"taxable","12":"shipping-taxable","13":"purchasable","14":"product-type-simple"},"jetpack_sharing_enabled":true,"_links":{"self":[{"href":"https:\/\/saltdesign.se\/index.php\/wp-json\/wp\/v2\/product\/3374","targetHints":{"allow":["GET"]}}],"collection":[{"href":"https:\/\/saltdesign.se\/index.php\/wp-json\/wp\/v2\/product"}],"about":[{"href":"https:\/\/saltdesign.se\/index.php\/wp-json\/wp\/v2\/types\/product"}],"replies":[{"embeddable":true,"href":"https:\/\/saltdesign.se\/index.php\/wp-json\/wp\/v2\/comments?post=3374"}],"wp:featuredmedia":[{"embeddable":true,"href":"https:\/\/saltdesign.se\/index.php\/wp-json\/wp\/v2\/media\/3376"}],"wp:attachment":[{"href":"https:\/\/saltdesign.se\/index.php\/wp-json\/wp\/v2\/media?parent=3374"}],"wp:term":[{"taxonomy":"product_brand","embeddable":true,"href":"https:\/\/saltdesign.se\/index.php\/wp-json\/wp\/v2\/product_brand?post=3374"},{"taxonomy":"product_cat","embeddable":true,"href":"https:\/\/saltdesign.se\/index.php\/wp-json\/wp\/v2\/product_cat?post=3374"},{"taxonomy":"product_tag","embeddable":true,"href":"https:\/\/saltdesign.se\/index.php\/wp-json\/wp\/v2\/product_tag?post=3374"}],"curies":[{"name":"wp","href":"https:\/\/api.w.org\/{rel}","templated":true}]}}