{"id":3342,"date":"2025-09-02T07:37:31","date_gmt":"2025-09-02T07:37:31","guid":{"rendered":"https:\/\/saltdesign.se\/?post_type=product&#038;p=3342"},"modified":"2025-09-02T09:27:05","modified_gmt":"2025-09-02T09:27:05","slug":"tappa-inte-gloden","status":"publish","type":"product","link":"https:\/\/saltdesign.se\/index.php\/product\/tappa-inte-gloden\/","title":{"rendered":"T\u00e4ndsticksask &#8221;Tappa inte gl\u00f6den&#8221;"},"content":{"rendered":"<p>Ask 6,5 x 11 cm med brast\u00e4ndstickor. F\u00e4rg p\u00e5 t\u00e4ndstickorna kan variera.<\/p>\n","protected":false},"excerpt":{"rendered":"<p>Ask 6,5 x 11 cm med brast\u00e4ndstickor. F\u00e4rg p\u00e5 t\u00e4ndstickorna kan variera.<\/p>\n","protected":false},"featured_media":3343,"comment_status":"closed","ping_status":"closed","template":"","meta":[],"product_brand":[],"product_cat":[93],"product_tag":[],"class_list":{"0":"post-3342","1":"product","2":"type-product","3":"status-publish","4":"has-post-thumbnail","6":"product_cat-tandsticksask","7":"product_shipping_class-poster-a4","9":"first","10":"instock","11":"taxable","12":"shipping-taxable","13":"purchasable","14":"product-type-simple"},"jetpack_sharing_enabled":true,"_links":{"self":[{"href":"https:\/\/saltdesign.se\/index.php\/wp-json\/wp\/v2\/product\/3342","targetHints":{"allow":["GET"]}}],"collection":[{"href":"https:\/\/saltdesign.se\/index.php\/wp-json\/wp\/v2\/product"}],"about":[{"href":"https:\/\/saltdesign.se\/index.php\/wp-json\/wp\/v2\/types\/product"}],"replies":[{"embeddable":true,"href":"https:\/\/saltdesign.se\/index.php\/wp-json\/wp\/v2\/comments?post=3342"}],"wp:featuredmedia":[{"embeddable":true,"href":"https:\/\/saltdesign.se\/index.php\/wp-json\/wp\/v2\/media\/3343"}],"wp:attachment":[{"href":"https:\/\/saltdesign.se\/index.php\/wp-json\/wp\/v2\/media?parent=3342"}],"wp:term":[{"taxonomy":"product_brand","embeddable":true,"href":"https:\/\/saltdesign.se\/index.php\/wp-json\/wp\/v2\/product_brand?post=3342"},{"taxonomy":"product_cat","embeddable":true,"href":"https:\/\/saltdesign.se\/index.php\/wp-json\/wp\/v2\/product_cat?post=3342"},{"taxonomy":"product_tag","embeddable":true,"href":"https:\/\/saltdesign.se\/index.php\/wp-json\/wp\/v2\/product_tag?post=3342"}],"curies":[{"name":"wp","href":"https:\/\/api.w.org\/{rel}","templated":true}]}}