{"id":17,"date":"2020-11-25T15:10:33","date_gmt":"2020-11-25T15:10:33","guid":{"rendered":"https:\/\/avadawebsites.wpengine.com\/handmade\/?page_id=17"},"modified":"2025-11-14T08:26:07","modified_gmt":"2025-11-14T08:26:07","slug":"about-2","status":"publish","type":"page","link":"https:\/\/saltdesign.se\/index.php\/about-2\/","title":{"rendered":"About"},"content":{"rendered":"<p><div class=\"fusion-fullwidth fullwidth-box fusion-builder-row-1 fusion-flex-container fusion-parallax-none nonhundred-percent-fullwidth non-hundred-percent-height-scrolling\" style=\"--awb-border-radius-top-left:0px;--awb-border-radius-top-right:0px;--awb-border-radius-bottom-right:0px;--awb-border-radius-bottom-left:0px;--awb-margin-bottom:110px;--awb-background-color:var(--awb-color1);--awb-background-image:url(&quot;https:\/\/saltdesign.se\/wp-content\/uploads\/2024\/10\/bakgrunds-mall-fullbredd-2-scaled.jpg&quot;);--awb-background-size:cover;--awb-flex-wrap:wrap;\" ><div class=\"fusion-builder-row fusion-row fusion-flex-align-items-center fusion-flex-content-wrap\" style=\"max-width:calc( 1200px + 100px );margin-left: calc(-100px \/ 2 );margin-right: calc(-100px \/ 2 );\"><div class=\"fusion-layout-column fusion_builder_column fusion-builder-column-0 fusion_builder_column_1_1 1_1 fusion-flex-column\" style=\"--awb-padding-right:40px;--awb-padding-left:40px;--awb-padding-right-medium:0px;--awb-padding-left-medium:0px;--awb-bg-size:cover;--awb-width-large:100%;--awb-margin-top-large:0px;--awb-spacing-right-large:50px;--awb-margin-bottom-large:0px;--awb-spacing-left-large:50px;--awb-width-medium:100%;--awb-order-medium:0;--awb-spacing-right-medium:50px;--awb-spacing-left-medium:50px;--awb-width-small:100%;--awb-order-small:1;--awb-spacing-right-small:50px;--awb-spacing-left-small:50px;\"><div class=\"fusion-column-wrapper fusion-column-has-shadow fusion-flex-justify-content-flex-start fusion-content-layout-column\"><div class=\"fusion-title title fusion-title-1 fusion-sep-none fusion-title-center fusion-title-text fusion-title-size-two\" style=\"--awb-margin-bottom:28px;--awb-margin-top-small:10px;--awb-margin-right-small:0px;--awb-margin-bottom-small:10px;--awb-margin-left-small:0px;--awb-font-size:3em;\"><h2 class=\"fusion-title-heading title-heading-center\" style=\"margin:0;font-size:1em;line-height:1.5em;\"><span data-fusion-font=\"true\" data-fusion-google-font=\"Josefin Sans\" data-fusion-google-variant=\"400\" style=\"font-family: 'Josefin Sans'; font-weight: 400;\">En butik med unik design<\/span><\/h2><\/div><div class=\"fusion-text fusion-text-1\" style=\"--awb-content-alignment:center;\"><p> Salt design drivs av lusten att skapa och leka med den grafiska formen. Vi vill s\u00e4lja den typen av produkter vi sj\u00e4lva tycker om att anv\u00e4nda. All design tas fram p\u00e5 plats i v\u00e5r atelj\u00e9 i Vadstena och trycks i Sverige. Har du fr\u00e5gor \u00e4r du v\u00e4lkommen att h\u00f6ra av dig via mejl.<\/p>\n<p>Alla bilder och utformning av produkter p\u00e5 denna sida \u00e4gs av Carin Lundblad.<\/p>\n<p data-fusion-font=\"true\" data-fusion-google-font=\"Josefin Sans\" data-fusion-google-variant=\"400\" style=\"font-family: 'Josefin Sans'; font-weight: 400; font-size: 23px; color: var(--awb-color5);\">Vi hoppas ni ska tycka om v\u00e5ra produkter.<\/p>\n<\/div><\/div><\/div><div class=\"fusion-layout-column fusion_builder_column fusion-builder-column-1 fusion_builder_column_1_1 1_1 fusion-flex-column\" style=\"--awb-bg-size:cover;--awb-width-large:100%;--awb-margin-top-large:0px;--awb-spacing-right-large:50px;--awb-margin-bottom-large:20px;--awb-spacing-left-large:50px;--awb-width-medium:100%;--awb-order-medium:0;--awb-spacing-right-medium:50px;--awb-spacing-left-medium:50px;--awb-width-small:100%;--awb-order-small:0;--awb-spacing-right-small:50px;--awb-spacing-left-small:50px;\"><div class=\"fusion-column-wrapper fusion-column-has-shadow fusion-flex-justify-content-flex-start fusion-content-layout-column\"><\/div><\/div><\/div><\/div><div class=\"fusion-fullwidth fullwidth-box fusion-builder-row-2 fusion-flex-container fusion-parallax-none hundred-percent-fullwidth non-hundred-percent-height-scrolling\" style=\"--awb-border-sizes-left:50px;--awb-border-sizes-right:50px;--awb-border-color:var(--awb-color1);--awb-border-radius-top-left:0px;--awb-border-radius-top-right:0px;--awb-border-radius-bottom-right:0px;--awb-border-radius-bottom-left:0px;--awb-padding-right:0px;--awb-padding-left:0px;--awb-margin-bottom:90px;--awb-background-image:url(&quot;https:\/\/saltdesign.se\/wp-content\/uploads\/2024\/10\/4-1-scaled.jpg&quot;);--awb-background-size:cover;--awb-flex-wrap:wrap;\" ><div class=\"fusion-builder-row fusion-row fusion-flex-align-items-stretch fusion-flex-content-wrap\" style=\"width:calc( 100% + 50px ) !important;max-width:calc( 100% + 50px ) !important;margin-left: calc(-50px \/ 2 );margin-right: calc(-50px \/ 2 );\"><div class=\"fusion-layout-column fusion_builder_column fusion-builder-column-2 fusion_builder_column_1_1 1_1 fusion-flex-column fusion-column-inner-bg-wrapper\" style=\"--awb-padding-top:8vw;--awb-padding-right:10vw;--awb-padding-bottom:8vw;--awb-padding-left:10vw;--awb-padding-top-medium:60px;--awb-padding-right-medium:60px;--awb-padding-bottom-medium:60px;--awb-padding-left-medium:60px;--awb-padding-top-small:50px;--awb-padding-right-small:50px;--awb-padding-bottom-small:50px;--awb-padding-left-small:50px;--awb-overflow:hidden;--awb-inner-bg-image:linear-gradient(180deg, hsla(var(--awb-color7-h),var(--awb-color7-s),var(--awb-color7-l),calc( var(--awb-color7-a) - 70% )) 27%,hsla(var(--awb-color7-h),var(--awb-color7-s),var(--awb-color7-l),calc( var(--awb-color7-a) - 70% )) 100%);--awb-inner-bg-position:center center;--awb-inner-bg-size:cover;--awb-border-radius:6px 6px 6px 6px;--awb-inner-bg-border-radius:6px 6px 6px 6px;--awb-inner-bg-overflow:hidden;--awb-width-large:100%;--awb-margin-top-large:0px;--awb-spacing-right-large:25px;--awb-margin-bottom-large:0px;--awb-spacing-left-large:25px;--awb-width-medium:50%;--awb-order-medium:0;--awb-spacing-right-medium:25px;--awb-spacing-left-medium:25px;--awb-width-small:100%;--awb-order-small:0;--awb-spacing-right-small:25px;--awb-margin-bottom-small:40px;--awb-spacing-left-small:25px;\"><span class=\"fusion-column-inner-bg hover-type-none\"><a class=\"fusion-column-anchor\" href=\"https:\/\/saltdesign.se\/index.php\/shop-2\/\"><span class=\"fusion-column-inner-bg-image\"><\/span><\/a><\/span><div class=\"fusion-column-wrapper fusion-column-has-shadow fusion-flex-justify-content-flex-start fusion-content-layout-column\"><div class=\"fusion-title title fusion-title-2 fusion-no-small-visibility fusion-no-medium-visibility fusion-sep-none fusion-title-center fusion-title-text fusion-title-size-two\" style=\"--awb-text-color:var(--awb-color1);--awb-margin-bottom:28px;--awb-margin-top-small:10px;--awb-margin-right-small:0px;--awb-margin-bottom-small:10px;--awb-margin-left-small:0px;--awb-font-size:4em;\"><h2 class=\"fusion-title-heading title-heading-center\" style=\"margin:0;font-size:1em;line-height:1.35em;\">V\u00e4lkommen att kika runt i butiken!<\/h2><\/div><div class=\"fusion-title title fusion-title-3 fusion-no-large-visibility fusion-sep-none fusion-title-center fusion-title-text fusion-title-size-two\" style=\"--awb-text-color:var(--awb-color1);--awb-margin-bottom:28px;--awb-margin-top-small:10px;--awb-margin-right-small:0px;--awb-margin-bottom-small:10px;--awb-margin-left-small:0px;--awb-font-size:28px;\"><h2 class=\"fusion-title-heading title-heading-center\" style=\"margin:0;font-size:1em;line-height:1.35em;\">Made in Vadstena<\/h2><\/div><div style=\"text-align:center;\"><a class=\"fusion-button button-flat fusion-button-default-size button-default fusion-button-default button-1 fusion-button-default-span fusion-button-default-type\" style=\"--awb-margin-top:10px;\" target=\"_self\" href=\"https:\/\/saltdesign.se\/index.php\/shop-2\/\"><span class=\"fusion-button-text awb-button__text awb-button__text--default\">Till butiken!<\/span><\/a><\/div><\/div><\/div><\/div><\/div><div class=\"fusion-fullwidth fullwidth-box fusion-builder-row-3 fusion-flex-container nonhundred-percent-fullwidth non-hundred-percent-height-scrolling\" style=\"--awb-border-radius-top-left:0px;--awb-border-radius-top-right:0px;--awb-border-radius-bottom-right:0px;--awb-border-radius-bottom-left:0px;--awb-margin-bottom:110px;--awb-background-color:var(--awb-color1);--awb-flex-wrap:wrap;\" ><div class=\"fusion-builder-row fusion-row fusion-flex-align-items-center fusion-flex-content-wrap\" style=\"max-width:calc( 1200px + 100px );margin-left: calc(-100px \/ 2 );margin-right: calc(-100px \/ 2 );\"><div class=\"fusion-layout-column fusion_builder_column fusion-builder-column-3 fusion_builder_column_1_1 1_1 fusion-flex-column\" style=\"--awb-padding-right:40px;--awb-padding-left:40px;--awb-padding-right-medium:0px;--awb-padding-left-medium:0px;--awb-bg-size:cover;--awb-width-large:100%;--awb-margin-top-large:0px;--awb-spacing-right-large:50px;--awb-margin-bottom-large:0px;--awb-spacing-left-large:50px;--awb-width-medium:100%;--awb-order-medium:0;--awb-spacing-right-medium:50px;--awb-spacing-left-medium:50px;--awb-width-small:100%;--awb-order-small:1;--awb-spacing-right-small:50px;--awb-spacing-left-small:50px;\"><div class=\"fusion-column-wrapper fusion-column-has-shadow fusion-flex-justify-content-flex-start fusion-content-layout-column\"><div class=\"fusion-title title fusion-title-4 fusion-sep-none fusion-title-center fusion-title-text fusion-title-size-two\" style=\"--awb-margin-bottom:28px;--awb-margin-top-small:10px;--awb-margin-right-small:0px;--awb-margin-bottom-small:10px;--awb-margin-left-small:0px;--awb-font-size:32px;\"><h2 class=\"fusion-title-heading title-heading-center\" style=\"margin:0;font-size:1em;line-height:1.5em;\">F\u00f6rs\u00e4ljningsvillkor<\/h2><\/div><div class=\"fusion-text fusion-text-2\" style=\"--awb-content-alignment:center;\"><p><b>Allm\u00e4nt<\/b><\/p>\n<p>F\u00f6r dig, som \u00e4r privatperson, g\u00e4ller Distansavtalslagen (se nedan ang\u00e5ende \u00e5ngerr\u00e4tt) samt Konsumentk\u00f6plagen, som har strikta best\u00e4mmelser, vilket inneb\u00e4r att lagen g\u00e4ller, trots att du har avtalat om n\u00e5got annat. F\u00f6r f\u00f6retag, inklusive enskilda n\u00e4ringsidkare, g\u00e4ller K\u00f6plagen, som \u00e4r dispositiv, vilket inneb\u00e4r att avtal mellan f\u00f6retag g\u00e4ller i f\u00f6rsta hand f\u00f6re lagen.<\/p>\n<p>Vi f\u00f6ljer Personuppgiftslagen (PUL). N\u00e4r du, som \u00e4r privatperson, registrerat dig och gjort din best\u00e4llning, godk\u00e4nner du ocks\u00e5 att vi lagrar och anv\u00e4nder dina personuppgifter i v\u00e5r verksamhet f\u00f6r att p\u00e5 b\u00e4sta s\u00e4tt kunna fullf\u00f6ra v\u00e5ra \u00e5taganden gentemot dig. Vi skyddar dina uppgifter enligt PUL, och du har r\u00e4tt att f\u00e5 ta del av uppgifterna samt att f\u00e5 dessa raderade om du s\u00e5 \u00f6nskar.<\/p>\n<p>Skulle n\u00e5got villkor befinnas ogiltigt enligt vad som g\u00e4ller enligt svensk eller EU r\u00e4tt ska detta inte inneb\u00e4ra att k\u00f6pvillkoren i sin helhet blir ogiltiga utan det ogiltiga villkoret ska i s\u00e5 fall ers\u00e4ttas med likv\u00e4rdig lagenlig text.<\/p>\n<p><b>Best\u00e4llning<\/b><\/p>\n<p>Om du \u00e4r under 18 \u00e5r m\u00e5ste du ha m\u00e5lsmans tillst\u00e5nd. S\u00e5dant tillst\u00e5nd kan ges genom att en f\u00f6r\u00e4lder skickar sitt uttryckliga tillst\u00e5nd till oss med e-post. Alla falskbest\u00e4llningar sp\u00e5ras och polisanm\u00e4ls, och om vi lidit ekonomisk skada kommer vi att kr\u00e4va skadest\u00e5nd.<\/p>\n<p><b>Betalning och Leverans<\/b><\/p>\n<p>N\u00e4r du lagt varor i varukorgen och g\u00e5r till kassan, framg\u00e5r vilket betalningss\u00e4tt som g\u00e4ller. Leverans kommer att ske inom 7 dagar s\u00e5vida det inte framg\u00e5r vid best\u00e4llningen att leveranstiden \u00e4r l\u00e4ngre. Det \u00e4r ditt ansvar att se till att adressen, som du angett vid best\u00e4llningstillf\u00e4llet, \u00e4r korrekt. Leverans sker endast inom Sverige. I de flesta fall levereras f\u00f6rs\u00e4ndelse med PostNord.<\/p>\n<p><b>Ej uth\u00e4mtad f\u00f6rs\u00e4ndelse<\/b><\/p>\n<p>Det \u00e4r ditt ansvar att l\u00f6sa ut f\u00f6rs\u00e4ndelsen p\u00e5 utl\u00e4mningsst\u00e4llet inom den tid, som st\u00e5r angivet p\u00e5 avin. Om du inte kan ta emot paketet vid leverans, eller inte h\u00e4mtar ut ditt paket p\u00e5 utl\u00e4mningsst\u00e4llet, skickas det tillbaka till oss, och vi kan d\u00e5 komma att debitera dig en sk\u00e4lig summa f\u00f6r frakt- och administrativa kostnader. Betalas inte denna kostnad, l\u00e4mnas kravet till inkasso.<\/p>\n<p><b style=\"color: var(--awb-text-color); font-family: var(--awb-text-font-family); font-size: var(--awb-font-size); font-style: var(--awb-text-font-style); letter-spacing: var(--awb-letter-spacing); text-align: var(--awb-content-alignment); text-transform: var(--awb-text-transform); background-color: var(--awb-bg-color-hover);\">\u00c5ngerr\u00e4tt<\/b><\/p>\n<p>Som privatperson har du enligt Distansavtalslagen r\u00e4tt att \u00e5ngra ditt k\u00f6p inom 14 dagar. Du har dock inte \u00e5ngerr\u00e4tt om det pris, som du sammanlagt ska betala understiger 400 kr. Du har heller inte \u00e5ngerr\u00e4tt om du best\u00e4llt en vara som tillverkats enligt dina anvisningar eller som annars har f\u00e5tt en tydlig personlig pr\u00e4gel. Observera att det enligt lag \u00e4r du som ska betala f\u00f6r returfraktkostnaderna och enligt lag kan komma att betala f\u00f6r en varas v\u00e4rdeminskning i den m\u00e5n den beror p\u00e5 att du hanterat varan i st\u00f6rre omfattning \u00e4n som varit n\u00f6dv\u00e4ndigt f\u00f6r att fastst\u00e4lla dess egenskaper eller funktion.<\/p>\n<p>\u00c5ngerfristen b\u00f6rjar l\u00f6pa den dag du mottagit varan. Om du best\u00e4llt flera varor eller varan du best\u00e4llt best\u00e5r av flera delar, b\u00f6rjar \u00e5ngerfristen l\u00f6pa n\u00e4r du mottagit sista varan respektive den sista delen av varan. Om du \u00e5ngrar k\u00f6pet m\u00e5ste varan \u00e5terl\u00e4mnas oanv\u00e4nd, i oskadat skick och med obruten f\u00f6rpackning\/f\u00f6rsegling\/teknisk plombering.<\/p>\n<p>Om du vill utnyttja din \u00e5ngerr\u00e4tt ska du kontakta oss via e-post. Du kommer utan dr\u00f6jsm\u00e5l att f\u00e5 en bekr\u00e4ftelse p\u00e5 att vi mottagit ditt meddelande, varefter vi tar st\u00e4llning till, om du uppfyller de f\u00f6ruts\u00e4ttningar som kr\u00e4vs f\u00f6r att kunna till\u00e4mpa \u00e5ngerr\u00e4tten. Du kommer d\u00e4refter att motta ett svar med e-post fr\u00e5n oss, i givet fall med information om hur du ska skicka tillbaka varan.<\/p>\n<p>Efter mottagandet av den \u00e5ters\u00e4nda varan kommer k\u00f6pesumman att \u00e5terbetalas till dig inom 14 dagar r\u00e4knat fr\u00e5n dagen d\u00e5 vi mottog meddelandet om \u00e5ngerr\u00e4tt.<\/p>\n<p><b>Reklamation<\/b><\/p>\n<p>Om du som \u00e4r privatperson mottagit en skadad produkt, eller om vi skickat fel vara, m\u00e5ste du reklamera varan snarast och senast inom 2 m\u00e5nader fr\u00e5n att du uppt\u00e4ckte eller borde ha uppt\u00e4ckt felet. Det g\u00e4ller f\u00f6r s\u00e5v\u00e4l privatpersoner som f\u00f6retag, att den skadade respektive felaktigt skickade varan ska \u00e5ters\u00e4ndas i likadan f\u00f6rpackning och  tillsammans med en utf\u00f6rlig beskrivning av felet.<\/p>\n<p><b>Returvillkor<\/b><\/p>\n<p>Du som privatperson har enligt distans- och hemf\u00f6rs\u00e4ljningslagen (2005:59) 14 dagars \u00e5ngerr\u00e4tt p\u00e5 alla varor. Returvaran ska vara oandv\u00e4nd. <\/p>\n<p><span style=\"color: var(--awb-text-color); font-family: var(--awb-text-font-family); font-size: var(--awb-font-size); font-style: var(--awb-text-font-style); letter-spacing: var(--awb-letter-spacing); text-align: var(--awb-content-alignment); text-transform: var(--awb-text-transform); background-color: var(--awb-bg-color-hover);\"><b>Force Majeure<\/b><\/span><\/p>\n<p>B\u00e5da parter ska vara befriade fr\u00e5n fullg\u00f6rande av avtalet om fullg\u00f6randet f\u00f6rhindras eller v\u00e4sentligen f\u00f6rsv\u00e5ras av omst\u00e4ndighet som part inte rimligen kunnat r\u00e5da \u00f6ver eller f\u00f6rutse. F\u00f6ljande och liknande omst\u00e4ndigheter skall anses utg\u00f6ra befrielsegrunder d\u00e4r de hindrar eller f\u00f6rsv\u00e5rar avtalets fullg\u00f6relse: eldsv\u00e5da, krig, mobilisering, rekvisition, beslag, valutarestriktioner, allm\u00e4n varuknapphet, knapphet p\u00e5 transportmedel, strejk, lockout, elavbrott, inskr\u00e4nkningar i form av drivkraft samt fel i eller f\u00f6rsening av leveranser fr\u00e5n underleverant\u00f6rer som har sin grund i s\u00e5dan omst\u00e4ndighet som avses i denna punkt eller andra omst\u00e4ndigheter som part ej kan r\u00e5da \u00f6ver, som antingen hindrar eller f\u00f6rsv\u00e5rar parts fullg\u00f6rande i s\u00e5dan grad, att det ej kan ske annat \u00e4n till onormalt h\u00f6g kostnad.<\/p>\n<\/div><\/div><\/div><div class=\"fusion-layout-column fusion_builder_column fusion-builder-column-4 fusion_builder_column_1_1 1_1 fusion-flex-column\" style=\"--awb-bg-size:cover;--awb-width-large:100%;--awb-margin-top-large:0px;--awb-spacing-right-large:50px;--awb-margin-bottom-large:20px;--awb-spacing-left-large:50px;--awb-width-medium:100%;--awb-order-medium:0;--awb-spacing-right-medium:50px;--awb-spacing-left-medium:50px;--awb-width-small:100%;--awb-order-small:0;--awb-spacing-right-small:50px;--awb-spacing-left-small:50px;\"><div class=\"fusion-column-wrapper fusion-column-has-shadow fusion-flex-justify-content-flex-start fusion-content-layout-column\"><\/div><\/div><\/div><\/div><div class=\"fusion-fullwidth fullwidth-box fusion-builder-row-4 fusion-flex-container fusion-parallax-none nonhundred-percent-fullwidth non-hundred-percent-height-scrolling\" style=\"--awb-border-radius-top-left:0px;--awb-border-radius-top-right:0px;--awb-border-radius-bottom-right:0px;--awb-border-radius-bottom-left:0px;--awb-margin-bottom:90px;--awb-background-image:url(&quot;https:\/\/saltdesign.se\/wp-content\/uploads\/2024\/10\/bakgrunds-mall-fullbredd-2-scaled.jpg&quot;);--awb-background-size:cover;--awb-flex-wrap:wrap;\" ><div class=\"fusion-builder-row fusion-row fusion-flex-align-items-center fusion-flex-content-wrap\" style=\"max-width:calc( 1200px + 100px );margin-left: calc(-100px \/ 2 );margin-right: calc(-100px \/ 2 );\"><div class=\"fusion-layout-column fusion_builder_column fusion-builder-column-5 fusion_builder_column_1_1 1_1 fusion-flex-column\" style=\"--awb-padding-left-medium:40px;--awb-padding-right-small:0px;--awb-padding-left-small:0px;--awb-bg-size:cover;--awb-width-large:100%;--awb-margin-top-large:0px;--awb-spacing-right-large:50px;--awb-margin-bottom-large:0px;--awb-spacing-left-large:50px;--awb-width-medium:100%;--awb-order-medium:0;--awb-spacing-right-medium:50px;--awb-spacing-left-medium:50px;--awb-width-small:100%;--awb-order-small:0;--awb-spacing-right-small:50px;--awb-margin-bottom-small:50px;--awb-spacing-left-small:50px;\"><div class=\"fusion-column-wrapper fusion-column-has-shadow fusion-flex-justify-content-flex-start fusion-content-layout-column\"><div class=\"fusion-text fusion-text-3\"><h2 style=\"text-align: center; color: var(--awb-color4);\"><span data-fusion-font=\"true\" style=\"font-size: 37px;\">F\u00f6lj oss p\u00e5 Instagram f\u00f6r erbjudanden<\/span><span data-fusion-font=\"true\" style=\"font-size: 37px;\"><br \/>\noch aktuella evenemang!<\/span><\/h2>\n<\/div><div class=\"fusion-social-links fusion-social-links-1\" style=\"--awb-margin-top:0px;--awb-margin-right:0px;--awb-margin-bottom:0px;--awb-margin-left:0px;--awb-alignment:center;--awb-box-border-top:0px;--awb-box-border-right:0px;--awb-box-border-bottom:0px;--awb-box-border-left:0px;--awb-icon-colors-hover:var(--awb-color5);--awb-box-colors-hover:var(--awb-color1);--awb-box-border-color:var(--awb-color3);--awb-box-border-color-hover:var(--awb-color4);\"><div class=\"fusion-social-networks color-type-custom\"><div class=\"fusion-social-networks-wrapper\"><a class=\"fusion-social-network-icon fusion-tooltip fusion-instagram awb-icon-instagram\" style=\"color:var(--awb-color4);font-size:50px;\" data-placement=\"top\" data-title=\"Instagram\" data-toggle=\"tooltip\" title=\"Instagram\" aria-label=\"instagram\" target=\"_blank\" rel=\"noopener noreferrer\" href=\"https:\/\/www.instagram.com\/saltdesignvadstena\/\"><\/a><\/div><\/div><\/div><\/div><\/div><\/div><\/div><\/p>\n","protected":false},"excerpt":{"rendered":"","protected":false},"author":1,"featured_media":0,"parent":0,"menu_order":0,"comment_status":"closed","ping_status":"closed","template":"100-width.php","meta":{"footnotes":""},"class_list":["post-17","page","type-page","status-publish","hentry"],"jetpack_sharing_enabled":true,"_links":{"self":[{"href":"https:\/\/saltdesign.se\/index.php\/wp-json\/wp\/v2\/pages\/17","targetHints":{"allow":["GET"]}}],"collection":[{"href":"https:\/\/saltdesign.se\/index.php\/wp-json\/wp\/v2\/pages"}],"about":[{"href":"https:\/\/saltdesign.se\/index.php\/wp-json\/wp\/v2\/types\/page"}],"author":[{"embeddable":true,"href":"https:\/\/saltdesign.se\/index.php\/wp-json\/wp\/v2\/users\/1"}],"replies":[{"embeddable":true,"href":"https:\/\/saltdesign.se\/index.php\/wp-json\/wp\/v2\/comments?post=17"}],"version-history":[{"count":29,"href":"https:\/\/saltdesign.se\/index.php\/wp-json\/wp\/v2\/pages\/17\/revisions"}],"predecessor-version":[{"id":3470,"href":"https:\/\/saltdesign.se\/index.php\/wp-json\/wp\/v2\/pages\/17\/revisions\/3470"}],"wp:attachment":[{"href":"https:\/\/saltdesign.se\/index.php\/wp-json\/wp\/v2\/media?parent=17"}],"curies":[{"name":"wp","href":"https:\/\/api.w.org\/{rel}","templated":true}]}}